{"id":3340,"date":"2024-06-26T18:00:46","date_gmt":"2024-06-26T16:00:46","guid":{"rendered":"https:\/\/caravanastauro.com\/politica-de-privacidad\/"},"modified":"2025-05-22T11:49:49","modified_gmt":"2025-05-22T09:49:49","slug":"politica-de-privacidad","status":"publish","type":"page","link":"https:\/\/caravanastauro.com\/de\/politica-de-privacidad\/","title":{"rendered":"Pol\u00edtica de Privacidad"},"content":{"rendered":"\t\t<div data-elementor-type=\"wp-page\" data-elementor-id=\"3340\" class=\"elementor elementor-3340 elementor-28\" data-elementor-post-type=\"page\">\n\t\t\t\t<div class=\"elementor-element elementor-element-7325fb1 e-flex e-con-boxed e-con e-parent\" data-id=\"7325fb1\" data-element_type=\"container\" data-settings=\"{&quot;background_background&quot;:&quot;classic&quot;}\">\n\t\t\t\t\t<div class=\"e-con-inner\">\n\t\t\t\t<div class=\"elementor-element elementor-element-fddd29b elementor-widget elementor-widget-heading\" data-id=\"fddd29b\" data-element_type=\"widget\" data-widget_type=\"heading.default\">\n\t\t\t\t<div class=\"elementor-widget-container\">\n\t\t\t\t\t<h2 class=\"elementor-heading-title elementor-size-default\">Datenschutzrichtlinie<\/h2>\t\t\t\t<\/div>\n\t\t\t\t<\/div>\n\t\t\t\t\t<\/div>\n\t\t\t\t<\/div>\n\t\t<div class=\"elementor-element elementor-element-1907300 e-flex e-con-boxed e-con e-parent\" data-id=\"1907300\" data-element_type=\"container\">\n\t\t\t\t\t<div class=\"e-con-inner\">\n\t\t<div class=\"elementor-element elementor-element-ca0e303 e-con-full e-flex e-con e-child\" data-id=\"ca0e303\" data-element_type=\"container\">\n\t\t\t\t<div class=\"elementor-element elementor-element-76489b9 elementor-widget elementor-widget-text-editor\" data-id=\"76489b9\" data-element_type=\"widget\" data-widget_type=\"text-editor.default\">\n\t\t\t\t<div class=\"elementor-widget-container\">\n\t\t\t\t\t\t\t\t\t<p>QUI\u00c9NES SOMOS<br><span style=\"font-style: inherit; font-weight: inherit; letter-spacing: 0px;\">Die Wegbeschreibung zu unserer Website lautet: https:\/\/caravanastauro.com\/<\/span><\/p><p>Was sind die pers\u00f6nlichen Daten, die wir erhalten haben, und ich habe sie verloren?<\/p><p>KOMMENTARE<br><span style=\"font-style: inherit; font-weight: inherit; letter-spacing: 0px;\">Sobald Besucher Kommentare im Internet hinterlassen haben, sammeln Sie die Daten ein, die Sie in der Kommentarformel lesen m\u00fcssen, ebenso wie die IP-Adresse des Besuchers und die Reihenfolge der Benutzer des Browsers, um die Spam-Erkennung zu verhindern.<\/span><\/p><p>Eine neue anonyme Nachricht, die in Ihrer elektronischen Korrespondenzrichtung erstellt wurde (auch als Hash bekannt), kann dem Gravatar-Service zur Verf\u00fcgung gestellt werden, damit Sie ihn verwenden k\u00f6nnen. Die Datenschutzrichtlinie f\u00fcr den Datenschutz ist hier verf\u00fcgbar: https:\/\/automattic.com\/privacy\/. Nach der Genehmigung Ihres Kommentars ist das Bild Ihres Profils f\u00fcr die \u00d6ffentlichkeit im Kontext Ihres Kommentars sichtbar.<\/p><p>MEDIOS<br><span style=\"font-style: inherit; font-weight: inherit; letter-spacing: 0px;\">Wenn Sie Bilder im Internet herunterladen, sollten Sie vermeiden, Bilder mit Standortdaten (GPS EXIF) einzureichen. Die Besucher des Internets k\u00f6nnen den Download durchf\u00fchren und sich noch einmal \u00fcber den Standort der Bilder im Internet informieren.<br><\/span><span style=\"font-style: inherit; font-weight: inherit; letter-spacing: 0px;\">Kontaktformulare<\/span><\/p><p>KEKSE<br><span style=\"font-style: inherit; font-weight: inherit; letter-spacing: 0px;\">Wenn Sie einen Kommentar zu unserer Website hinterlassen, k\u00f6nnen Sie Ihren Namen, Ihre elektronische Korrespondenz und das Web in Cookies \u00fcberwachen. Dies ist f\u00fcr Sie von Vorteil, da Sie nicht daran interessiert sind, Ihre Daten zu lesen, sobald Sie einen weiteren Kommentar abgeben. Diese Kekse haben eine Dauer von einem Jahr.<\/span><\/p><p>Wenn Sie ein Konto haben und mit dieser Website verbunden sind, installieren Sie ein tempor\u00e4res Cookie, um festzustellen, ob Ihr Browser Cookies akzeptiert. Dieses Cookie enth\u00e4lt keine pers\u00f6nlichen Daten und kann den Browser nicht besch\u00e4digen.<\/p><p>Wenn Sie Zugriff haben, installieren Sie auch verschiedene Cookies, um Ihre Zugriffsinformationen und Ihre Optionen zur Bildschirmanzeige zu sch\u00fctzen. Der Zugriff auf Cookies dauert zwei Tage und die Optionen f\u00fcr Cookies auf dem Bildschirm dauern ein Jahr. Wenn Sie \u201eRecu\u00e9rdarme\u201c ausw\u00e4hlen, k\u00f6nnen Sie zwei Wochen lang darauf zugreifen. Wenn Sie Ihre Bestellung aufgeben, werden die Zugriffskekse entfernt.<\/p><p>Wenn Sie einen Artikel bearbeiten oder ver\u00f6ffentlichen, erhalten Sie auf Ihrem Browser ein zus\u00e4tzliches Cookie. Dieses Cookie enth\u00e4lt keine pers\u00f6nlichen Daten und gibt einfach die ID des Artikels an, den Sie bearbeiten m\u00f6chten. Caduca seit 1 Tag.<\/p><p>Von anderen Web-Sites erfasster Inhalt.<br><span style=\"font-style: inherit; font-weight: inherit; letter-spacing: 0px;\">Die Artikel dieser Website k\u00f6nnen enthaltene Inhalte enthalten (z. B. Beispiele, Videos, Bilder, Artikel usw.). Der von anderen Websites erstellte Inhalt entspricht genau der Art und Weise, wie der Besucher die andere Website besucht.<\/span><\/p><p>Auf dieser Website k\u00f6nnen Sie Daten \u00fcber Sie abrufen, Cookies verwenden, einen weiteren Abschnitt hinzuf\u00fcgen und Ihre Interaktion mit diesem Inhalt \u00fcberwachen, einschlie\u00dflich der Folge Ihrer Interaktion mit dem Inhalt, wenn Sie sich mit einem Netzwerk verbunden haben und mit der Website verbunden sind.<\/p><p>ANAL\u00cdTICA<br><span style=\"font-style: inherit; font-weight: inherit; letter-spacing: 0px;\">Ich vergleiche Ihre Daten<br><\/span><span style=\"font-style: inherit; font-weight: inherit; letter-spacing: 0px;\">Cu\u00e1nto time conservamos tus data<\/span><\/p><p><span style=\"font-style: inherit; font-weight: inherit; letter-spacing: 0px;\"><br><\/span><span style=\"font-style: inherit; font-weight: inherit; letter-spacing: 0px;\">Wenn ich einen Kommentar habe, bleiben der Kommentar und seine Metadaten auf unbestimmte Zeit erhalten. Dies dient dazu, dass wir die folgenden Kommentare automatisch wiedererkennen und abgeben k\u00f6nnen, w\u00e4hrend wir uns in einer Moderations-Cola aufhalten.<\/span><\/p><p>Die Benutzer, die sich auf unserer Website registrieren lassen (wenn sie dort sind), enthalten auch pers\u00f6nliche Informationen, die sie in ihrem Profil des Benutzers bereitstellen. Alle Benutzer k\u00f6nnen Ihre pers\u00f6nlichen Informationen jederzeit bearbeiten oder l\u00f6schen (es sei denn, Sie k\u00f6nnen Ihren Benutzernamen \u00e4ndern). Web-Administratoren k\u00f6nnen diese Informationen auch sehr gerne bearbeiten.<\/p><p>Was haben Sie \u00fcber Ihre Daten gesagt?<\/p><p>Wenn Sie ein Konto haben oder auf dieser Website bereits Kommentare abgegeben haben, k\u00f6nnen Sie ein Exportarchiv f\u00fcr die pers\u00f6nlichen Daten anfordern, die wir Ihnen zugesandt haben, einschlie\u00dflich der aktuellen Daten, die wir zur Verf\u00fcgung gestellt haben. Sie k\u00f6nnen sich auch darum bem\u00fchen, pers\u00f6nliche Daten zu entfernen, die Sie ben\u00f6tigen. Dies schlie\u00dft nicht ein, dass die Pflicht eines Konservators sich auf Verwaltungs-, Rechts- oder Sicherheitsfragen beschr\u00e4nkt.<\/p><p>D\u00f3nde enviamos tus data<br><span style=\"font-style: inherit; font-weight: inherit; letter-spacing: 0px;\">Die Kommentare der Besucher k\u00f6nnten dazu f\u00fchren, dass wir einen Dienst zur automatischen Spam-Erkennung \u00fcberarbeiten.<br><\/span><span style=\"font-style: inherit; font-weight: inherit; letter-spacing: 0px;\">Ihre Kontaktinformationen<br><\/span><span style=\"font-style: inherit; font-weight: inherit; letter-spacing: 0px;\">Zus\u00e4tzliche Informationen<br><\/span><span style=\"font-style: inherit; font-weight: inherit; letter-spacing: 0px;\">C\u00f3mo protegemos tus data<br><\/span><span style=\"font-style: inherit; font-weight: inherit; letter-spacing: 0px;\">Welche Verfahren werden im Falle von Datenbr\u00fcchen eingesetzt?<br><\/span><span style=\"font-style: inherit; font-weight: inherit; letter-spacing: 0px;\">De qu\u00e9 terceros recibimos data<br><\/span><span style=\"font-style: inherit; font-weight: inherit; letter-spacing: 0px;\">Das hei\u00dft, dass die meisten Entscheidungen automatisiert und perfiliert wurden und dass die Daten des Benutzers verloren gingen<br><\/span><span style=\"font-style: inherit; font-weight: inherit; letter-spacing: 0px;\">Anforderungen an die Aufsichtsbeh\u00f6rden zur Offenlegung von Informationen des Sektors.<\/span><\/p>\t\t\t\t\t\t\t\t<\/div>\n\t\t\t\t<\/div>\n\t\t\t\t<\/div>\n\t\t\t\t\t<\/div>\n\t\t\t\t<\/div>\n\t\t\t\t<\/div>\n\t\t","protected":false},"excerpt":{"rendered":"<p>Datenschutzrichtlinie QUI\u00c9NES SOMOSDie Wegbeschreibung zu unserer Website lautet: https:\/\/caravanastauro.com\/ Was sind die pers\u00f6nlichen Daten, die wir erhalten haben, und ich [&hellip;]<\/p>\n","protected":false},"author":1,"featured_media":0,"parent":0,"menu_order":0,"comment_status":"closed","ping_status":"closed","template":"","meta":{"site-sidebar-layout":"no-sidebar","site-content-layout":"","ast-site-content-layout":"full-width-container","site-content-style":"default","site-sidebar-style":"default","ast-global-header-display":"","ast-banner-title-visibility":"","ast-main-header-display":"","ast-hfb-above-header-display":"","ast-hfb-below-header-display":"","ast-hfb-mobile-header-display":"","site-post-title":"disabled","ast-breadcrumbs-content":"","ast-featured-img":"disabled","footer-sml-layout":"","theme-transparent-header-meta":"default","adv-header-id-meta":"","stick-header-meta":"","header-above-stick-meta":"","header-main-stick-meta":"","header-below-stick-meta":"","astra-migrate-meta-layouts":"default","ast-page-background-enabled":"default","ast-page-background-meta":{"desktop":{"background-color":"var(--ast-global-color-4)","background-image":"","background-repeat":"repeat","background-position":"center center","background-size":"auto","background-attachment":"scroll","background-type":"","background-media":"","overlay-type":"","overlay-color":"","overlay-opacity":"","overlay-gradient":""},"tablet":{"background-color":"","background-image":"","background-repeat":"repeat","background-position":"center center","background-size":"auto","background-attachment":"scroll","background-type":"","background-media":"","overlay-type":"","overlay-color":"","overlay-opacity":"","overlay-gradient":""},"mobile":{"background-color":"","background-image":"","background-repeat":"repeat","background-position":"center center","background-size":"auto","background-attachment":"scroll","background-type":"","background-media":"","overlay-type":"","overlay-color":"","overlay-opacity":"","overlay-gradient":""}},"ast-content-background-meta":{"desktop":{"background-color":"var(--ast-global-color-5)","background-image":"","background-repeat":"repeat","background-position":"center center","background-size":"auto","background-attachment":"scroll","background-type":"","background-media":"","overlay-type":"","overlay-color":"","overlay-opacity":"","overlay-gradient":""},"tablet":{"background-color":"var(--ast-global-color-5)","background-image":"","background-repeat":"repeat","background-position":"center center","background-size":"auto","background-attachment":"scroll","background-type":"","background-media":"","overlay-type":"","overlay-color":"","overlay-opacity":"","overlay-gradient":""},"mobile":{"background-color":"var(--ast-global-color-5)","background-image":"","background-repeat":"repeat","background-position":"center center","background-size":"auto","background-attachment":"scroll","background-type":"","background-media":"","overlay-type":"","overlay-color":"","overlay-opacity":"","overlay-gradient":""}},"_joinchat":[],"footnotes":""},"class_list":["post-3340","page","type-page","status-publish","hentry"],"yoast_head":"<!-- This site is optimized with the Yoast SEO plugin v24.5 - https:\/\/yoast.com\/wordpress\/plugins\/seo\/ -->\n<title>Pol\u00edtica de Privacidad - Caravanas Tauro<\/title>\n<meta name=\"robots\" content=\"index, follow, max-snippet:-1, max-image-preview:large, max-video-preview:-1\" \/>\n<link rel=\"canonical\" href=\"https:\/\/caravanastauro.com\/politica-de-privacidad\/\" \/>\n<meta property=\"og:locale\" content=\"de_DE\" \/>\n<meta property=\"og:type\" content=\"article\" \/>\n<meta property=\"og:title\" content=\"Pol\u00edtica de Privacidad - Caravanas Tauro\" \/>\n<meta property=\"og:description\" content=\"Datenschutzrichtlinie QUI\u00c9NES SOMOSDie Wegbeschreibung zu unserer Website lautet: https:\/\/caravanastauro.com\/ Was sind die pers\u00f6nlichen Daten, die wir erhalten haben, und ich [&hellip;]\" \/>\n<meta property=\"og:url\" content=\"https:\/\/caravanastauro.com\/politica-de-privacidad\/\" \/>\n<meta property=\"og:site_name\" content=\"Caravanas Tauro\" \/>\n<meta property=\"article:modified_time\" content=\"2025-05-22T09:49:49+00:00\" \/>\n<meta name=\"twitter:card\" content=\"summary_large_image\" \/>\n<meta name=\"twitter:label1\" content=\"Gesch\u00e4tzte Lesezeit\" \/>\n\t<meta name=\"twitter:data1\" content=\"4\u00a0Minuten\" \/>\n<script type=\"application\/ld+json\" class=\"yoast-schema-graph\">{\"@context\":\"https:\/\/schema.org\",\"@graph\":[{\"@type\":\"WebPage\",\"@id\":\"https:\/\/caravanastauro.com\/politica-de-privacidad\/\",\"url\":\"https:\/\/caravanastauro.com\/politica-de-privacidad\/\",\"name\":\"Pol\u00edtica de Privacidad - Caravanas Tauro\",\"isPartOf\":{\"@id\":\"https:\/\/caravanastauro.com\/#website\"},\"datePublished\":\"2024-06-26T16:00:46+00:00\",\"dateModified\":\"2025-05-22T09:49:49+00:00\",\"breadcrumb\":{\"@id\":\"https:\/\/caravanastauro.com\/politica-de-privacidad\/#breadcrumb\"},\"inLanguage\":\"de\",\"potentialAction\":[{\"@type\":\"ReadAction\",\"target\":[\"https:\/\/caravanastauro.com\/politica-de-privacidad\/\"]}]},{\"@type\":\"BreadcrumbList\",\"@id\":\"https:\/\/caravanastauro.com\/politica-de-privacidad\/#breadcrumb\",\"itemListElement\":[{\"@type\":\"ListItem\",\"position\":1,\"name\":\"Portada\",\"item\":\"https:\/\/caravanastauro.com\/de\/start\/\"},{\"@type\":\"ListItem\",\"position\":2,\"name\":\"Pol\u00edtica de Privacidad\"}]},{\"@type\":\"WebSite\",\"@id\":\"https:\/\/caravanastauro.com\/#website\",\"url\":\"https:\/\/caravanastauro.com\/\",\"name\":\"Caravanas Tauro\",\"description\":\"\",\"publisher\":{\"@id\":\"https:\/\/caravanastauro.com\/#organization\"},\"potentialAction\":[{\"@type\":\"SearchAction\",\"target\":{\"@type\":\"EntryPoint\",\"urlTemplate\":\"https:\/\/caravanastauro.com\/?s={search_term_string}\"},\"query-input\":{\"@type\":\"PropertyValueSpecification\",\"valueRequired\":true,\"valueName\":\"search_term_string\"}}],\"inLanguage\":\"de\"},{\"@type\":\"Organization\",\"@id\":\"https:\/\/caravanastauro.com\/#organization\",\"name\":\"Caravanas Tauro\",\"url\":\"https:\/\/caravanastauro.com\/\",\"logo\":{\"@type\":\"ImageObject\",\"inLanguage\":\"de\",\"@id\":\"https:\/\/caravanastauro.com\/#\/schema\/logo\/image\/\",\"url\":\"https:\/\/caravanastauro.com\/wp-content\/uploads\/2025\/02\/Logo-Caravanas-web.png\",\"contentUrl\":\"https:\/\/caravanastauro.com\/wp-content\/uploads\/2025\/02\/Logo-Caravanas-web.png\",\"width\":300,\"height\":89,\"caption\":\"Caravanas Tauro\"},\"image\":{\"@id\":\"https:\/\/caravanastauro.com\/#\/schema\/logo\/image\/\"}}]}<\/script>\n<!-- \/ Yoast SEO plugin. -->","yoast_head_json":{"title":"Pol\u00edtica de Privacidad - Caravanas Tauro","robots":{"index":"index","follow":"follow","max-snippet":"max-snippet:-1","max-image-preview":"max-image-preview:large","max-video-preview":"max-video-preview:-1"},"canonical":"https:\/\/caravanastauro.com\/politica-de-privacidad\/","og_locale":"de_DE","og_type":"article","og_title":"Pol\u00edtica de Privacidad - Caravanas Tauro","og_description":"Datenschutzrichtlinie QUI\u00c9NES SOMOSDie Wegbeschreibung zu unserer Website lautet: https:\/\/caravanastauro.com\/ Was sind die pers\u00f6nlichen Daten, die wir erhalten haben, und ich [&hellip;]","og_url":"https:\/\/caravanastauro.com\/politica-de-privacidad\/","og_site_name":"Caravanas Tauro","article_modified_time":"2025-05-22T09:49:49+00:00","twitter_card":"summary_large_image","twitter_misc":{"Gesch\u00e4tzte Lesezeit":"4\u00a0Minuten"},"schema":{"@context":"https:\/\/schema.org","@graph":[{"@type":"WebPage","@id":"https:\/\/caravanastauro.com\/politica-de-privacidad\/","url":"https:\/\/caravanastauro.com\/politica-de-privacidad\/","name":"Pol\u00edtica de Privacidad - Caravanas Tauro","isPartOf":{"@id":"https:\/\/caravanastauro.com\/#website"},"datePublished":"2024-06-26T16:00:46+00:00","dateModified":"2025-05-22T09:49:49+00:00","breadcrumb":{"@id":"https:\/\/caravanastauro.com\/politica-de-privacidad\/#breadcrumb"},"inLanguage":"de","potentialAction":[{"@type":"ReadAction","target":["https:\/\/caravanastauro.com\/politica-de-privacidad\/"]}]},{"@type":"BreadcrumbList","@id":"https:\/\/caravanastauro.com\/politica-de-privacidad\/#breadcrumb","itemListElement":[{"@type":"ListItem","position":1,"name":"Portada","item":"https:\/\/caravanastauro.com\/de\/start\/"},{"@type":"ListItem","position":2,"name":"Pol\u00edtica de Privacidad"}]},{"@type":"WebSite","@id":"https:\/\/caravanastauro.com\/#website","url":"https:\/\/caravanastauro.com\/","name":"Caravanas Tauro","description":"","publisher":{"@id":"https:\/\/caravanastauro.com\/#organization"},"potentialAction":[{"@type":"SearchAction","target":{"@type":"EntryPoint","urlTemplate":"https:\/\/caravanastauro.com\/?s={search_term_string}"},"query-input":{"@type":"PropertyValueSpecification","valueRequired":true,"valueName":"search_term_string"}}],"inLanguage":"de"},{"@type":"Organization","@id":"https:\/\/caravanastauro.com\/#organization","name":"Caravanas Tauro","url":"https:\/\/caravanastauro.com\/","logo":{"@type":"ImageObject","inLanguage":"de","@id":"https:\/\/caravanastauro.com\/#\/schema\/logo\/image\/","url":"https:\/\/caravanastauro.com\/wp-content\/uploads\/2025\/02\/Logo-Caravanas-web.png","contentUrl":"https:\/\/caravanastauro.com\/wp-content\/uploads\/2025\/02\/Logo-Caravanas-web.png","width":300,"height":89,"caption":"Caravanas Tauro"},"image":{"@id":"https:\/\/caravanastauro.com\/#\/schema\/logo\/image\/"}}]}},"_links":{"self":[{"href":"https:\/\/caravanastauro.com\/de\/wp-json\/wp\/v2\/pages\/3340","targetHints":{"allow":["GET"]}}],"collection":[{"href":"https:\/\/caravanastauro.com\/de\/wp-json\/wp\/v2\/pages"}],"about":[{"href":"https:\/\/caravanastauro.com\/de\/wp-json\/wp\/v2\/types\/page"}],"author":[{"embeddable":true,"href":"https:\/\/caravanastauro.com\/de\/wp-json\/wp\/v2\/users\/1"}],"replies":[{"embeddable":true,"href":"https:\/\/caravanastauro.com\/de\/wp-json\/wp\/v2\/comments?post=3340"}],"version-history":[{"count":3,"href":"https:\/\/caravanastauro.com\/de\/wp-json\/wp\/v2\/pages\/3340\/revisions"}],"predecessor-version":[{"id":3356,"href":"https:\/\/caravanastauro.com\/de\/wp-json\/wp\/v2\/pages\/3340\/revisions\/3356"}],"wp:attachment":[{"href":"https:\/\/caravanastauro.com\/de\/wp-json\/wp\/v2\/media?parent=3340"}],"curies":[{"name":"wp","href":"https:\/\/api.w.org\/{rel}","templated":true}]}}