{"id":3341,"date":"2024-06-26T18:00:46","date_gmt":"2024-06-26T16:00:46","guid":{"rendered":"https:\/\/caravanastauro.com\/politica-de-privacidad\/"},"modified":"2025-05-22T11:51:57","modified_gmt":"2025-05-22T09:51:57","slug":"politica-de-privacidad","status":"publish","type":"page","link":"https:\/\/caravanastauro.com\/vl\/politica-de-privacidad\/","title":{"rendered":"Pol\u00edtica de Privacidad"},"content":{"rendered":"\t\t<div data-elementor-type=\"wp-page\" data-elementor-id=\"3341\" class=\"elementor elementor-3341 elementor-28\" data-elementor-post-type=\"page\">\n\t\t\t\t<div class=\"elementor-element elementor-element-7325fb1 e-flex e-con-boxed e-con e-parent\" data-id=\"7325fb1\" data-element_type=\"container\" data-settings=\"{&quot;background_background&quot;:&quot;classic&quot;}\">\n\t\t\t\t\t<div class=\"e-con-inner\">\n\t\t\t\t<div class=\"elementor-element elementor-element-fddd29b elementor-widget elementor-widget-heading\" data-id=\"fddd29b\" data-element_type=\"widget\" data-widget_type=\"heading.default\">\n\t\t\t\t<div class=\"elementor-widget-container\">\n\t\t\t\t\t<h2 class=\"elementor-heading-title elementor-size-default\">Pol\u00edtica de Privacitat<\/h2>\t\t\t\t<\/div>\n\t\t\t\t<\/div>\n\t\t\t\t\t<\/div>\n\t\t\t\t<\/div>\n\t\t<div class=\"elementor-element elementor-element-1907300 e-flex e-con-boxed e-con e-parent\" data-id=\"1907300\" data-element_type=\"container\">\n\t\t\t\t\t<div class=\"e-con-inner\">\n\t\t<div class=\"elementor-element elementor-element-ca0e303 e-con-full e-flex e-con e-child\" data-id=\"ca0e303\" data-element_type=\"container\">\n\t\t\t\t<div class=\"elementor-element elementor-element-76489b9 elementor-widget elementor-widget-text-editor\" data-id=\"76489b9\" data-element_type=\"widget\" data-widget_type=\"text-editor.default\">\n\t\t\t\t<div class=\"elementor-widget-container\">\n\t\t\t\t\t\t\t\t\t<p>QUI SOM<br>L&#8217;adre\u00e7a de la nostra web \u00e9s: <response-element ng-version=\"0.0.0-PLACEHOLDER\"><link-block><a target=\"_blank\" rel=\"noopener\" externallink=\"\" _nghost-ng-c885771155=\"\" jslog=\"197247;track:generic_click,impression;BardVeMetadataKey:[[&quot;r_9c5cbcb298f4b676&quot;,&quot;c_6059ad39df519dd8&quot;,null,&quot;rc_944aab04f81a6897&quot;,null,null,&quot;ca&quot;,null,1,null,null,1,0]]\" href=\"https:\/\/caravanastauro.com\/\">https:\/\/caravanastauro.com\/<\/a><\/link-block><\/response-element><br>Quines dades personals recollim i per qu\u00e8 les recollim<br><br>COMENTARIS<br>Quan els visitants deixen comentaris a la web, recopilem les dades que es mostren en el formulari de comentaris, aix\u00ed com l&#8217;adre\u00e7a IP del visitant i la cadena d&#8217;agents d&#8217;usuari del navegador per ajudar a la detecci\u00f3 de spam.<br>Una cadena an\u00f2nima creada a partir de la teua adre\u00e7a de correu electr\u00f2nic (tamb\u00e9 anomenada hash) pot ser proporcionada al servei de Gravatar per veure si l&#8217;est\u00e0s usant. La pol\u00edtica de privacitat del servei Gravatar est\u00e0 disponible ac\u00ed: <response-element ng-version=\"0.0.0-PLACEHOLDER\"><link-block><a target=\"_blank\" rel=\"noopener\" externallink=\"\" _nghost-ng-c885771155=\"\" jslog=\"197247;track:generic_click,impression;BardVeMetadataKey:[[&quot;r_9c5cbcb298f4b676&quot;,&quot;c_6059ad39df519dd8&quot;,null,&quot;rc_944aab04f81a6897&quot;,null,null,&quot;ca&quot;,null,1,null,null,1,0]]\" href=\"https:\/\/automattic.com\/privacy\/\">https:\/\/automattic.com\/privacy\/<\/a><\/link-block><\/response-element>. Despr\u00e9s de l&#8217;aprovaci\u00f3 del teu comentari, la imatge del teu perfil \u00e9s visible per al p\u00fablic en el context del teu comentari.<br><br>MITJANS<br>Si puges imatges a la web, hauries d&#8217;evitar pujar imatges amb dades d&#8217;ubicaci\u00f3 (GPS EXIF) incloses. Els visitants de la web poden descarregar i extreure qualsevol dada d&#8217;ubicaci\u00f3 de les imatges de la web.<br>Formularis de contacte<br><br>COOKIES<br><span>Si deixes un comentari en el <\/span><span>nostre lloc pots triar guardar el teu nom, adre\u00e7a de correu electr\u00f2nic i web en cookies. Aix\u00f2 \u00e9s per<source-footnote ng-version=\"0.0.0-PLACEHOLDER\" _nghost-ng-c1911026836=\"\"><sup _ngcontent-ng-c1911026836=\"\" data-turn-source-index=\"1\"><\/sup><\/source-footnote><\/span><span> a la teua comoditat, perqu\u00e8 no hagis<source-footnote ng-version=\"0.0.0-PLACEHOLDER\" _nghost-ng-c1911026836=\"\"><sup _ngcontent-ng-c1911026836=\"\" data-turn-source-index=\"2\"><\/sup><\/source-footnote><\/span> <span>de tornar a emplenar les teues dades quan deixes un altre comentari. Aquestes cookies tindran una durada d&#8217;un any.<br><br>Si tens un compte i et connectes a aquest lloc, instal\u00b7larem<source-footnote ng-version=\"0.0.0-PLACEHOLDER\" _nghost-ng-c1911026836=\"\"><sup _ngcontent-ng-c1911026836=\"\" data-turn-source-index=\"3\"><\/sup><\/source-footnote><\/span> una cookie temporal per determinar si el teu navegador accepta cookies. Aquesta cookie no cont\u00e9 dades personals i s&#8217;elimina al tancar el navegador.<br><br>Quan accedeixes, tamb\u00e9 instal\u00b7larem diverses cookies per guardar la teua informaci\u00f3 d&#8217;acc\u00e9s i les teues opcions de visualitzaci\u00f3 de pantalla. Les cookies d&#8217;acc\u00e9s duren dos dies, i les cookies d&#8217;opcions de pantalla duren un any. Si selecciones \u00abRecorda&#8217;m\u00bb, el teu acc\u00e9s perdurar\u00e0 durant dues setmanes. Si sorgeixes del teu compte, les cookies d&#8217;acc\u00e9s s&#8217;eliminaran.<br><br>Si edites o publiques un article es guardar\u00e0 una cookie addicional en el teu navegador. Aquesta cookie no inclou dades personals i simplement indica l&#8217;ID de l&#8217;article que acabes d&#8217;editar. Caduca despr\u00e9s <span>d&#8217;1 dia.<br>Contingut incrustat d&#8217;altres llocs web.<br><br>Els articles d&#8217;aquest lloc poden incloure contingut incrustat (per exemple, v\u00eddeos, imatges, articles, etc.). El contingut<source-footnote ng-version=\"0.0.0-PLACEHOLDER\" _nghost-ng-c1911026836=\"\"><sup _ngcontent-ng-c1911026836=\"\" data-turn-source-index=\"4\"><\/sup><\/source-footnote><\/span> incrustat d&#8217;altres webs es comporta exactament de la mateixa manera que si el visitant hagu\u00e9s visitat l&#8217;altra web.<br>Aquestes webs poden recopilar dades sobre tu, utilitzar cookies, incrustar un seguiment addicional de tercers, i supervisar la teua interacci\u00f3 amb aquest <span>contingut incrustat, incl\u00f2s el seguiment de la teua interacci\u00f3 amb el contingut incrustat si tens un compte i est\u00e0s connectat<source-footnote ng-version=\"0.0.0-PLACEHOLDER\" _nghost-ng-c1911026836=\"\"><sup _ngcontent-ng-c1911026836=\"\" data-turn-source-index=\"5\"><\/sup><\/source-footnote><\/span> a aquesta web.<br><br>ANAL\u00cdTICA<br>Amb qui compartim les teues dades<br>Quant de temps conservem les teues dades<br>Si deixes un comentari, el comentari i les seues metadades es conserven indefinidament. Aix\u00f2 \u00e9s perqu\u00e8 puguem recon\u00e8ixer i aprovar comentaris successius autom\u00e0ticament, en lloc de mantenir-los en una cua de moderaci\u00f3.<br><br>Dels usuaris que es registren en la nostra web (si n&#8217;hi ha), tamb\u00e9 emmagatzemem la informaci\u00f3 personal que proporcionen en el seu perfil d&#8217;usuari. Tots els usuaris poden veure, editar o eliminar la seua informaci\u00f3 personal en qualsevol moment (excepte que no poden canviar el seu nom d&#8217;usuari). Els administradors de la web tamb\u00e9 poden veure i editar aquesta informaci\u00f3.<br>Quins drets tens sobre les teues dades.<br><br>Si tens un compte o has deixat comentaris en aquesta web, pots sol\u00b7licitar rebre un fitxer <span>d&#8217;exportaci\u00f3 de les dades personals que tenim sobre tu, incloent qualsevol dada que ens hagis proporcionat. Tamb\u00e9 pots sol\u00b7licitar <\/span><span>que eliminem qualsevol dada personal que tinguem sobre tu. Aix\u00f2 no inclou cap dada<source-footnote ng-version=\"0.0.0-PLACEHOLDER\" _nghost-ng-c1911026836=\"\"><sup _ngcontent-ng-c1911026836=\"\" data-turn-source-index=\"6\"><\/sup><\/source-footnote><\/span><span> que estiguem obligats a conservar amb fins administratius, legals o de seguretat.<br><source-footnote ng-version=\"0.0.0-PLACEHOLDER\" _nghost-ng-c1911026836=\"\"><sup _ngcontent-ng-c1911026836=\"\" data-turn-source-index=\"7\"><\/sup><\/source-footnote><\/span><br>On enviem les teues dades<br>Els comentaris dels visitants potser els revise un servei de detecci\u00f3 autom\u00e0tica de spam.<br>La teua informaci\u00f3 de contacte<br>Informaci\u00f3 addicional<br>Com protegim les teues dades<br>Quins procediments utilitzem contra les bretxes de dades<br>De quins tercers rebem dades<br>Quin tipus de presa de decisions automatitzada i\/o perfilat fem amb les dades de l&#8217;usuari<br>Requeriments regulatoris de revelaci\u00f3 d&#8217;informaci\u00f3 del sector<\/p>\t\t\t\t\t\t\t\t<\/div>\n\t\t\t\t<\/div>\n\t\t\t\t<\/div>\n\t\t\t\t\t<\/div>\n\t\t\t\t<\/div>\n\t\t\t\t<\/div>\n\t\t","protected":false},"excerpt":{"rendered":"<p>Pol\u00edtica de Privacitat QUI SOML&#8217;adre\u00e7a de la nostra web \u00e9s: https:\/\/caravanastauro.com\/Quines dades personals recollim i per qu\u00e8 les recollim COMENTARISQuan [&hellip;]<\/p>\n","protected":false},"author":1,"featured_media":0,"parent":0,"menu_order":0,"comment_status":"closed","ping_status":"closed","template":"","meta":{"site-sidebar-layout":"no-sidebar","site-content-layout":"","ast-site-content-layout":"full-width-container","site-content-style":"default","site-sidebar-style":"default","ast-global-header-display":"","ast-banner-title-visibility":"","ast-main-header-display":"","ast-hfb-above-header-display":"","ast-hfb-below-header-display":"","ast-hfb-mobile-header-display":"","site-post-title":"disabled","ast-breadcrumbs-content":"","ast-featured-img":"disabled","footer-sml-layout":"","theme-transparent-header-meta":"default","adv-header-id-meta":"","stick-header-meta":"","header-above-stick-meta":"","header-main-stick-meta":"","header-below-stick-meta":"","astra-migrate-meta-layouts":"default","ast-page-background-enabled":"default","ast-page-background-meta":{"desktop":{"background-color":"var(--ast-global-color-4)","background-image":"","background-repeat":"repeat","background-position":"center center","background-size":"auto","background-attachment":"scroll","background-type":"","background-media":"","overlay-type":"","overlay-color":"","overlay-opacity":"","overlay-gradient":""},"tablet":{"background-color":"","background-image":"","background-repeat":"repeat","background-position":"center center","background-size":"auto","background-attachment":"scroll","background-type":"","background-media":"","overlay-type":"","overlay-color":"","overlay-opacity":"","overlay-gradient":""},"mobile":{"background-color":"","background-image":"","background-repeat":"repeat","background-position":"center center","background-size":"auto","background-attachment":"scroll","background-type":"","background-media":"","overlay-type":"","overlay-color":"","overlay-opacity":"","overlay-gradient":""}},"ast-content-background-meta":{"desktop":{"background-color":"var(--ast-global-color-5)","background-image":"","background-repeat":"repeat","background-position":"center center","background-size":"auto","background-attachment":"scroll","background-type":"","background-media":"","overlay-type":"","overlay-color":"","overlay-opacity":"","overlay-gradient":""},"tablet":{"background-color":"var(--ast-global-color-5)","background-image":"","background-repeat":"repeat","background-position":"center center","background-size":"auto","background-attachment":"scroll","background-type":"","background-media":"","overlay-type":"","overlay-color":"","overlay-opacity":"","overlay-gradient":""},"mobile":{"background-color":"var(--ast-global-color-5)","background-image":"","background-repeat":"repeat","background-position":"center center","background-size":"auto","background-attachment":"scroll","background-type":"","background-media":"","overlay-type":"","overlay-color":"","overlay-opacity":"","overlay-gradient":""}},"_joinchat":[],"footnotes":""},"class_list":["post-3341","page","type-page","status-publish","hentry"],"yoast_head":"<!-- This site is optimized with the Yoast SEO plugin v24.5 - https:\/\/yoast.com\/wordpress\/plugins\/seo\/ -->\n<title>Pol\u00edtica de Privacidad - Caravanas Tauro<\/title>\n<meta name=\"robots\" content=\"index, follow, max-snippet:-1, max-image-preview:large, max-video-preview:-1\" \/>\n<link rel=\"canonical\" href=\"https:\/\/caravanastauro.com\/politica-de-privacidad\/\" \/>\n<meta property=\"og:locale\" content=\"en_US\" \/>\n<meta property=\"og:type\" content=\"article\" \/>\n<meta property=\"og:title\" content=\"Pol\u00edtica de Privacidad - Caravanas Tauro\" \/>\n<meta property=\"og:description\" content=\"Pol\u00edtica de Privacitat QUI SOML&#8217;adre\u00e7a de la nostra web \u00e9s: https:\/\/caravanastauro.com\/Quines dades personals recollim i per qu\u00e8 les recollim COMENTARISQuan [&hellip;]\" \/>\n<meta property=\"og:url\" content=\"https:\/\/caravanastauro.com\/politica-de-privacidad\/\" \/>\n<meta property=\"og:site_name\" content=\"Caravanas Tauro\" \/>\n<meta property=\"article:modified_time\" content=\"2025-05-22T09:51:57+00:00\" \/>\n<meta name=\"twitter:card\" content=\"summary_large_image\" \/>\n<meta name=\"twitter:label1\" content=\"Est. reading time\" \/>\n\t<meta name=\"twitter:data1\" content=\"4 minutes\" \/>\n<script type=\"application\/ld+json\" class=\"yoast-schema-graph\">{\"@context\":\"https:\/\/schema.org\",\"@graph\":[{\"@type\":\"WebPage\",\"@id\":\"https:\/\/caravanastauro.com\/politica-de-privacidad\/\",\"url\":\"https:\/\/caravanastauro.com\/politica-de-privacidad\/\",\"name\":\"Pol\u00edtica de Privacidad - Caravanas Tauro\",\"isPartOf\":{\"@id\":\"https:\/\/caravanastauro.com\/#website\"},\"datePublished\":\"2024-06-26T16:00:46+00:00\",\"dateModified\":\"2025-05-22T09:51:57+00:00\",\"breadcrumb\":{\"@id\":\"https:\/\/caravanastauro.com\/politica-de-privacidad\/#breadcrumb\"},\"inLanguage\":\"vl-VL\",\"potentialAction\":[{\"@type\":\"ReadAction\",\"target\":[\"https:\/\/caravanastauro.com\/politica-de-privacidad\/\"]}]},{\"@type\":\"BreadcrumbList\",\"@id\":\"https:\/\/caravanastauro.com\/politica-de-privacidad\/#breadcrumb\",\"itemListElement\":[{\"@type\":\"ListItem\",\"position\":1,\"name\":\"Portada\",\"item\":\"https:\/\/caravanastauro.com\/vl\/inici\/\"},{\"@type\":\"ListItem\",\"position\":2,\"name\":\"Pol\u00edtica de Privacidad\"}]},{\"@type\":\"WebSite\",\"@id\":\"https:\/\/caravanastauro.com\/#website\",\"url\":\"https:\/\/caravanastauro.com\/\",\"name\":\"Caravanas Tauro\",\"description\":\"\",\"publisher\":{\"@id\":\"https:\/\/caravanastauro.com\/#organization\"},\"potentialAction\":[{\"@type\":\"SearchAction\",\"target\":{\"@type\":\"EntryPoint\",\"urlTemplate\":\"https:\/\/caravanastauro.com\/?s={search_term_string}\"},\"query-input\":{\"@type\":\"PropertyValueSpecification\",\"valueRequired\":true,\"valueName\":\"search_term_string\"}}],\"inLanguage\":\"vl-VL\"},{\"@type\":\"Organization\",\"@id\":\"https:\/\/caravanastauro.com\/#organization\",\"name\":\"Caravanas Tauro\",\"url\":\"https:\/\/caravanastauro.com\/\",\"logo\":{\"@type\":\"ImageObject\",\"inLanguage\":\"vl-VL\",\"@id\":\"https:\/\/caravanastauro.com\/#\/schema\/logo\/image\/\",\"url\":\"https:\/\/caravanastauro.com\/wp-content\/uploads\/2025\/02\/Logo-Caravanas-web.png\",\"contentUrl\":\"https:\/\/caravanastauro.com\/wp-content\/uploads\/2025\/02\/Logo-Caravanas-web.png\",\"width\":300,\"height\":89,\"caption\":\"Caravanas Tauro\"},\"image\":{\"@id\":\"https:\/\/caravanastauro.com\/#\/schema\/logo\/image\/\"}}]}<\/script>\n<!-- \/ Yoast SEO plugin. -->","yoast_head_json":{"title":"Pol\u00edtica de Privacidad - Caravanas Tauro","robots":{"index":"index","follow":"follow","max-snippet":"max-snippet:-1","max-image-preview":"max-image-preview:large","max-video-preview":"max-video-preview:-1"},"canonical":"https:\/\/caravanastauro.com\/politica-de-privacidad\/","og_locale":"en_US","og_type":"article","og_title":"Pol\u00edtica de Privacidad - Caravanas Tauro","og_description":"Pol\u00edtica de Privacitat QUI SOML&#8217;adre\u00e7a de la nostra web \u00e9s: https:\/\/caravanastauro.com\/Quines dades personals recollim i per qu\u00e8 les recollim COMENTARISQuan [&hellip;]","og_url":"https:\/\/caravanastauro.com\/politica-de-privacidad\/","og_site_name":"Caravanas Tauro","article_modified_time":"2025-05-22T09:51:57+00:00","twitter_card":"summary_large_image","twitter_misc":{"Est. reading time":"4 minutes"},"schema":{"@context":"https:\/\/schema.org","@graph":[{"@type":"WebPage","@id":"https:\/\/caravanastauro.com\/politica-de-privacidad\/","url":"https:\/\/caravanastauro.com\/politica-de-privacidad\/","name":"Pol\u00edtica de Privacidad - Caravanas Tauro","isPartOf":{"@id":"https:\/\/caravanastauro.com\/#website"},"datePublished":"2024-06-26T16:00:46+00:00","dateModified":"2025-05-22T09:51:57+00:00","breadcrumb":{"@id":"https:\/\/caravanastauro.com\/politica-de-privacidad\/#breadcrumb"},"inLanguage":"vl-VL","potentialAction":[{"@type":"ReadAction","target":["https:\/\/caravanastauro.com\/politica-de-privacidad\/"]}]},{"@type":"BreadcrumbList","@id":"https:\/\/caravanastauro.com\/politica-de-privacidad\/#breadcrumb","itemListElement":[{"@type":"ListItem","position":1,"name":"Portada","item":"https:\/\/caravanastauro.com\/vl\/inici\/"},{"@type":"ListItem","position":2,"name":"Pol\u00edtica de Privacidad"}]},{"@type":"WebSite","@id":"https:\/\/caravanastauro.com\/#website","url":"https:\/\/caravanastauro.com\/","name":"Caravanas Tauro","description":"","publisher":{"@id":"https:\/\/caravanastauro.com\/#organization"},"potentialAction":[{"@type":"SearchAction","target":{"@type":"EntryPoint","urlTemplate":"https:\/\/caravanastauro.com\/?s={search_term_string}"},"query-input":{"@type":"PropertyValueSpecification","valueRequired":true,"valueName":"search_term_string"}}],"inLanguage":"vl-VL"},{"@type":"Organization","@id":"https:\/\/caravanastauro.com\/#organization","name":"Caravanas Tauro","url":"https:\/\/caravanastauro.com\/","logo":{"@type":"ImageObject","inLanguage":"vl-VL","@id":"https:\/\/caravanastauro.com\/#\/schema\/logo\/image\/","url":"https:\/\/caravanastauro.com\/wp-content\/uploads\/2025\/02\/Logo-Caravanas-web.png","contentUrl":"https:\/\/caravanastauro.com\/wp-content\/uploads\/2025\/02\/Logo-Caravanas-web.png","width":300,"height":89,"caption":"Caravanas Tauro"},"image":{"@id":"https:\/\/caravanastauro.com\/#\/schema\/logo\/image\/"}}]}},"_links":{"self":[{"href":"https:\/\/caravanastauro.com\/vl\/wp-json\/wp\/v2\/pages\/3341","targetHints":{"allow":["GET"]}}],"collection":[{"href":"https:\/\/caravanastauro.com\/vl\/wp-json\/wp\/v2\/pages"}],"about":[{"href":"https:\/\/caravanastauro.com\/vl\/wp-json\/wp\/v2\/types\/page"}],"author":[{"embeddable":true,"href":"https:\/\/caravanastauro.com\/vl\/wp-json\/wp\/v2\/users\/1"}],"replies":[{"embeddable":true,"href":"https:\/\/caravanastauro.com\/vl\/wp-json\/wp\/v2\/comments?post=3341"}],"version-history":[{"count":6,"href":"https:\/\/caravanastauro.com\/vl\/wp-json\/wp\/v2\/pages\/3341\/revisions"}],"predecessor-version":[{"id":3362,"href":"https:\/\/caravanastauro.com\/vl\/wp-json\/wp\/v2\/pages\/3341\/revisions\/3362"}],"wp:attachment":[{"href":"https:\/\/caravanastauro.com\/vl\/wp-json\/wp\/v2\/media?parent=3341"}],"curies":[{"name":"wp","href":"https:\/\/api.w.org\/{rel}","templated":true}]}}