{"id":3391,"date":"2024-06-26T18:00:32","date_gmt":"2024-06-26T16:00:32","guid":{"rendered":"https:\/\/caravanastauro.com\/aviso-legal\/"},"modified":"2025-05-22T14:58:51","modified_gmt":"2025-05-22T12:58:51","slug":"aviso-legal","status":"publish","type":"page","link":"https:\/\/caravanastauro.com\/vl\/aviso-legal\/","title":{"rendered":"Aviso Legal"},"content":{"rendered":"\t\t<div data-elementor-type=\"wp-page\" data-elementor-id=\"3391\" class=\"elementor elementor-3391 elementor-26\" data-elementor-post-type=\"page\">\n\t\t\t\t<div class=\"elementor-element elementor-element-bdf5f96 e-flex e-con-boxed e-con e-parent\" data-id=\"bdf5f96\" data-element_type=\"container\" data-settings=\"{&quot;background_background&quot;:&quot;classic&quot;}\">\n\t\t\t\t\t<div class=\"e-con-inner\">\n\t\t\t\t<div class=\"elementor-element elementor-element-20095b7 elementor-widget elementor-widget-heading\" data-id=\"20095b7\" data-element_type=\"widget\" data-widget_type=\"heading.default\">\n\t\t\t\t<div class=\"elementor-widget-container\">\n\t\t\t\t\t<h2 class=\"elementor-heading-title elementor-size-default\">Av\u00eds Legal<\/h2>\t\t\t\t<\/div>\n\t\t\t\t<\/div>\n\t\t\t\t\t<\/div>\n\t\t\t\t<\/div>\n\t\t<div class=\"elementor-element elementor-element-adf409d e-flex e-con-boxed e-con e-parent\" data-id=\"adf409d\" data-element_type=\"container\">\n\t\t\t\t\t<div class=\"e-con-inner\">\n\t\t<div class=\"elementor-element elementor-element-30853a0 e-con-full e-flex e-con e-child\" data-id=\"30853a0\" data-element_type=\"container\">\n\t\t\t\t<div class=\"elementor-element elementor-element-2f7e1fc elementor-widget elementor-widget-text-editor\" data-id=\"2f7e1fc\" data-element_type=\"widget\" data-widget_type=\"text-editor.default\">\n\t\t\t\t<div class=\"elementor-widget-container\">\n\t\t\t\t\t\t\t\t\t<p>En compliment de l&#8217;article 10 de la Llei 34\/2002, d&#8217;11 de juliol, de Serveis de la Societat de la Informaci\u00f3 i comer\u00e7 electr\u00f2nic, l&#8217;informem que el titular de la p\u00e0gina web campingtauro.com \u00e9s Tauro Camping Caravaning S.L. amb NIF B12348348, i domicili social a Benic\u00e0ssim, Gran Avinguda Jaume I 295 (Castell\u00f3).<\/p><p>La comunicaci\u00f3 dels usuaris de la p\u00e0gina web amb els responsables de campingtauro.com pot realitzar-se mitjan\u00e7ant correu electr\u00f2nic rem\u00e8s a l&#8217;adre\u00e7a: tauro@campingsbenicasim.com o al tel\u00e8fon 964 39 29 67.<\/p><p>\u00das del Lloc Web i Acceptaci\u00f3<br><span style=\"font-style: inherit; font-weight: inherit; letter-spacing: 0px;\">L&#8217;acc\u00e9s a i\/o \u00fas de la p\u00e0gina web campingtauro.com atribueix a qui el realitza la condici\u00f3 d&#8217;usuari i implica l&#8217;acceptaci\u00f3 plena i sense reserves per part de l&#8217;usuari, de totes i cadascuna de les condicions contingudes en aquest Av\u00eds Legal.<\/span><\/p><p>El contingut del present Av\u00eds Legal pot patir modificacions. Cada vegada que l&#8217;usuari accedeixi al lloc web, haur\u00e0 de llegir atentament el present Av\u00eds Legal.<\/p><p>Aix\u00ed mateix, l&#8217;acc\u00e9s al lloc web campingtauro.com es troba sotm\u00e8s a tots els avisos, condicions d&#8217;\u00fas i instruccions, posats en coneixement de l&#8217;usuari per campingtauro.com que substitueixin, completin i\/o modifiquin el present Av\u00eds Legal.<\/p><p>Condicions Generals<br><span style=\"font-style: inherit; font-weight: inherit; letter-spacing: 0px;\">L&#8217;usuari s&#8217;obliga a utilitzar els serveis i continguts que li proporciona la p\u00e0gina web conforme a la legislaci\u00f3 vigent i als principis de bona fe i usos generalment acceptats i a no contravenir amb la seua actuaci\u00f3 a trav\u00e9s de la web la legalitat vigent. Per tant, queda prohibit tot \u00fas amb fins il\u00b7l\u00edcits o que puga danyar de qualsevol forma terceres persones.<\/span><\/p><p>L&#8217;usuari garanteix l&#8217;autenticitat i veracitat de totes aquelles dades personals que comunique en emplenar el formulari. L&#8217;usuari es compromet i es responsabilitza de mantenir tota la informaci\u00f3 facilitada de forma que responga, en cada moment, a la seua situaci\u00f3 actual. El tractament de les dades de car\u00e0cter personal subministrades per l&#8217;usuari es realitzar\u00e0 per campingtauro.com amb subjecci\u00f3 a la Pol\u00edtica de Privacitat continguda en aquest lloc web.<\/p><p>L&#8217;usuari ser\u00e0 l&#8217;\u00fanic responsable per l&#8217;\u00fas d&#8217;aquest lloc i pel compliment d&#8217;aquestes condicions generals \u00edntegrament. En conseq\u00fc\u00e8ncia, l&#8217;usuari s&#8217;obliga a mantenir en secret, amb el car\u00e0cter d&#8217;informaci\u00f3 confidencial i reservada, les seues claus d&#8217;acc\u00e9s, contrasenyes o dades similars assignades per a accedir a qualsevol dels seus serveis prestats per campingtauro.com, i ser\u00e0 responsable de qualssevol danys i perjudicis de tota naturalesa derivats del mal \u00fas realitzat per ell mateix o per tercers.<\/p><p>campingtauro.com no garanteix ni es fa responsable, en cap cas ni circumst\u00e0ncia, dels fets i continguts seg\u00fcents, ni de qualssevol danys i perjudicis que pogueren, si escau, derivar-se&#8217;n:<\/p><p>Falta de disponibilitat, continu\u00eftat, acc\u00e9s, manteniment i efectiu funcionament de la web o dels seus serveis i actualitzaci\u00f3, exactitud, exhaustivitat o pertin\u00e8ncia dels seus continguts, qualsevol que siga la causa, i les dificultats o problemes t\u00e8cnics o d&#8217;altra naturalesa en qu\u00e8 tinguen el seu origen aquests fets.<\/p><p>La transmissi\u00f3 i\/o exist\u00e8ncia de virus, altres elements o programes lesius per a l&#8217;equip dels usuaris que pogueren afectar-los, com a conseq\u00fc\u00e8ncia de l&#8217;acc\u00e9s, \u00fas o examen del lloc, o produ\u00efren alteracions en els seus documents electr\u00f2nics o fitxers.<\/p><p>De l&#8217;\u00fas il\u00b7l\u00edcit, negligent, fraudulent, suplantant la personalitat d&#8217;un tercer o contrari al contingut d&#8217;aquestes condicions generals, a la bona fe, als usos generalment admesos o a l&#8217;ordre p\u00fablic, de la web, dels seus serveis i continguts, per part dels usuaris.<\/p><p>Pel coneixement de qualsevol informaci\u00f3 que pogueren posseir o utilitzar terceres persones no autoritzades de les caracter\u00edstiques i circumst\u00e0ncies de l&#8217;\u00fas dels continguts i serveis de campingtauro.com per part dels usuaris.<\/p><p>Aix\u00ed mateix, queda prohibida la reproducci\u00f3, distribuci\u00f3, transmissi\u00f3, adaptaci\u00f3 o modificaci\u00f3, per qualsevol mitj\u00e0 i en qualsevol forma, dels continguts de la p\u00e0gina web (textos, dissenys, gr\u00e0fics, informacions, bases de dades, logos,\u2026) i altres elements d&#8217;aquest lloc, llevat d&#8217;autoritzaci\u00f3 pr\u00e8via dels seus leg\u00edtims titulars o quan aix\u00ed resulte perm\u00e8s per la llei.<\/p><p>L&#8217;enumeraci\u00f3 anterior t\u00e9 mer car\u00e0cter enunciatiu i no \u00e9s, en cap cas, exclusiva ni excloent en cap dels seus punts.<br><span style=\"font-style: inherit; font-weight: inherit; letter-spacing: 0px;\">En qualsevol cas, campingtauro.com es reserva el dret de denegar l&#8217;acc\u00e9s a aquest lloc a aquells usuaris que incompleixin qualsevol d&#8217;aquestes condicions generals o de les particulars que els siguen d&#8217;aplicaci\u00f3.<\/span><\/p><p><br><\/p><p>Pol\u00edtica de Privacitat<br><span style=\"font-style: inherit; font-weight: inherit; letter-spacing: 0px;\">Les dades personals que facilite l&#8217;usuari a trav\u00e9s de formularis d&#8217;aquesta p\u00e0gina web amb la finalitat de subscriure algun servei o realitzar alguna compra poden ser incorporades a un fitxer de clients i el responsable del qual \u00e9s campingtauro.com. El fitxer es troba ubicat en els sistemes inform\u00e0tics del responsable.<\/span><\/p><p>El client, o la persona f\u00edsica que el represente, t\u00e9 dret a accedir al fitxer, rectificar les seues dades, o cancel\u00b7lar-les (Instrucci\u00f3 1\/2000, d&#8217;1 de desembre, de l&#8217;Ag\u00e8ncia Espanyola de Protecci\u00f3 de Dades). Per a exercitar aquest dret pot enviar un missatge a tauro@campingsbenicasim.com o a trav\u00e9s del tel\u00e8fon 964 39 29 67.<\/p><p>Les dades de car\u00e0cter personal proporcionades pels usuaris seran exactes i posades al dia de forma que responguen amb veracitat a la situaci\u00f3 actual de l&#8217;afectat. Per aix\u00f2, l&#8217;usuari haur\u00e0 de respondre de la veracitat i certesa de les dades personals subministrades i comunicar qualsevol modificaci\u00f3 d&#8217;aquestes que es produ\u00efsca en un futur. campingtauro.com procedir\u00e0 a la cancel\u00b7laci\u00f3 de les dades personals recollides quan deixen de ser necess\u00e0ries o pertinents per a la finalitat per a la qual hagueren sigut recaptades o registrades. La cancel\u00b7laci\u00f3 donar\u00e0 lloc al bloqueig de les dades, conservant-se \u00fanicament a disposici\u00f3 de les Administracions p\u00fabliques, Jutges i Tribunals, per a l&#8217;atenci\u00f3 de les possibles responsabilitats nascudes del tractament, durant el termini de prescripci\u00f3 d&#8217;aquestes. Complit l&#8217;esmentat termini es procedir\u00e0 a la supressi\u00f3 de les seues dades personals.<\/p><p>En compliment de la normativa vigent, el responsable ha adoptat les mesures i t\u00e8cniques necess\u00e0ries per a mantenir el nivell de seguretat requerit atenent a les dades personals tractades. Aix\u00ed mateix est\u00e0 dotat dels mitjans precisos al seu abast per a evitar en la mesura del possible els accessos no autoritzats, sostraccions i modificacions il\u00b7l\u00edcites i la p\u00e8rdua de les dades.<\/p><p>Legislaci\u00f3 i Jurisdicci\u00f3<br><span style=\"font-style: inherit; font-weight: inherit; letter-spacing: 0px;\">La Legislaci\u00f3 aplicable al present Av\u00eds Legal ser\u00e0 la legislaci\u00f3 espanyola, i la jurisdicci\u00f3 competent.<\/span><\/p><p><span style=\"font-style: inherit; font-weight: inherit; letter-spacing: 0px;\">La p\u00e0gina web campingtauro.com utilitza \u201ccookies\u201d per a oferir un servei m\u00e9s personalitzat i ajudar que la navegaci\u00f3 per les seues p\u00e0gines resulte m\u00e9s f\u00e0cil i ajustada a les prefer\u00e8ncies dels seus usuaris.<\/span><\/p><p><span style=\"font-style: inherit; font-weight: inherit; letter-spacing: 0px;\">Una \u201ccookie\u201d \u00e9s un xicotet fitxer de text que un servidor de p\u00e0gines web emmagatzema en la unitat de disc dur de l&#8217;usuari. Les \u201ccookies\u201d no poden per si mateixes identificar una persona ja que no fan refer\u00e8ncia a cap dada de car\u00e0cter personal.<\/span><\/p><p><span style=\"font-style: inherit; font-weight: inherit; letter-spacing: 0px;\">La majoria dels navegadors accepten autom\u00e0ticament \u201ccookies\u201d per\u00f2 tamb\u00e9 \u00e9s possible configurar-los per a la seua no acceptaci\u00f3. L&#8217;usuari podr\u00e0, en qualsevol moment, triar quines cookies vol que funcionen en aquest lloc web mitjan\u00e7ant la configuraci\u00f3 del navegador.<\/span><\/p><p><span style=\"font-style: inherit; font-weight: inherit; letter-spacing: 0px;\">Existeixen eines de tercers, disponibles en l\u00ednia, que permeten als usuaris detectar les cookies en cada lloc web que visita i gestionar la seua desactivaci\u00f3. No obstant aix\u00f2, campingtauro.com no es responsabilitza que la desactivaci\u00f3 d&#8217;aquestes impedisca el bon funcionament del lloc web.<\/span><\/p><p><span style=\"font-style: inherit; font-weight: inherit; letter-spacing: 0px;\">Cookies Utilitzades en Aquest Lloc Web<br><\/span><span style=\"font-style: inherit; font-weight: inherit; letter-spacing: 0px;\">Seguint les directrius de l&#8217;Ag\u00e8ncia Espanyola de Protecci\u00f3 de Dades procedim a detallar l&#8217;\u00fas de cookies que fa aquesta web.<br><\/span><span style=\"font-style: inherit; font-weight: inherit; letter-spacing: 0px;\">Aquest lloc web utilitza les seg\u00fcents cookies de tercers:<\/span><\/p><p><span style=\"font-style: inherit; font-weight: inherit; letter-spacing: 0px;\">Google Analytics: Emmagatzema cookies per a poder elaborar estad\u00edstiques sobre el tr\u00e0nsit i volum de visites d&#8217;aquesta web. En utilitzar aquest lloc web est\u00e0 consentint el tractament d&#8217;informaci\u00f3 sobre vost\u00e8 per Google. Per tant, l&#8217;exercici de qualsevol dret en aquest sentit haur\u00e0 de fer-ho comunicant directament amb Google.<\/span><\/p><p>Google Maps: Emmagatzema cookies per a geolocalitzaci\u00f3.<\/p><p>Xarxes socials: Cada xarxa social utilitza les seues pr\u00f2pies cookies perqu\u00e8 vost\u00e8 puga punxar en botons del tipus M&#8217;agrada o Compartir.<\/p>\t\t\t\t\t\t\t\t<\/div>\n\t\t\t\t<\/div>\n\t\t\t\t<\/div>\n\t\t\t\t\t<\/div>\n\t\t\t\t<\/div>\n\t\t\t\t<\/div>\n\t\t","protected":false},"excerpt":{"rendered":"<p>Av\u00eds Legal En compliment de l&#8217;article 10 de la Llei 34\/2002, d&#8217;11 de juliol, de Serveis de la Societat de [&hellip;]<\/p>\n","protected":false},"author":1,"featured_media":0,"parent":0,"menu_order":0,"comment_status":"closed","ping_status":"closed","template":"","meta":{"site-sidebar-layout":"no-sidebar","site-content-layout":"","ast-site-content-layout":"full-width-container","site-content-style":"default","site-sidebar-style":"default","ast-global-header-display":"","ast-banner-title-visibility":"","ast-main-header-display":"","ast-hfb-above-header-display":"","ast-hfb-below-header-display":"","ast-hfb-mobile-header-display":"","site-post-title":"disabled","ast-breadcrumbs-content":"","ast-featured-img":"disabled","footer-sml-layout":"","theme-transparent-header-meta":"default","adv-header-id-meta":"","stick-header-meta":"","header-above-stick-meta":"","header-main-stick-meta":"","header-below-stick-meta":"","astra-migrate-meta-layouts":"default","ast-page-background-enabled":"default","ast-page-background-meta":{"desktop":{"background-color":"var(--ast-global-color-4)","background-image":"","background-repeat":"repeat","background-position":"center center","background-size":"auto","background-attachment":"scroll","background-type":"","background-media":"","overlay-type":"","overlay-color":"","overlay-opacity":"","overlay-gradient":""},"tablet":{"background-color":"","background-image":"","background-repeat":"repeat","background-position":"center center","background-size":"auto","background-attachment":"scroll","background-type":"","background-media":"","overlay-type":"","overlay-color":"","overlay-opacity":"","overlay-gradient":""},"mobile":{"background-color":"","background-image":"","background-repeat":"repeat","background-position":"center center","background-size":"auto","background-attachment":"scroll","background-type":"","background-media":"","overlay-type":"","overlay-color":"","overlay-opacity":"","overlay-gradient":""}},"ast-content-background-meta":{"desktop":{"background-color":"var(--ast-global-color-5)","background-image":"","background-repeat":"repeat","background-position":"center center","background-size":"auto","background-attachment":"scroll","background-type":"","background-media":"","overlay-type":"","overlay-color":"","overlay-opacity":"","overlay-gradient":""},"tablet":{"background-color":"var(--ast-global-color-5)","background-image":"","background-repeat":"repeat","background-position":"center center","background-size":"auto","background-attachment":"scroll","background-type":"","background-media":"","overlay-type":"","overlay-color":"","overlay-opacity":"","overlay-gradient":""},"mobile":{"background-color":"var(--ast-global-color-5)","background-image":"","background-repeat":"repeat","background-position":"center center","background-size":"auto","background-attachment":"scroll","background-type":"","background-media":"","overlay-type":"","overlay-color":"","overlay-opacity":"","overlay-gradient":""}},"_joinchat":[],"footnotes":""},"class_list":["post-3391","page","type-page","status-publish","hentry"],"yoast_head":"<!-- This site is optimized with the Yoast SEO plugin v24.5 - https:\/\/yoast.com\/wordpress\/plugins\/seo\/ -->\n<title>Aviso Legal - Caravanas Tauro<\/title>\n<meta name=\"robots\" content=\"index, follow, max-snippet:-1, max-image-preview:large, max-video-preview:-1\" \/>\n<link rel=\"canonical\" href=\"https:\/\/caravanastauro.com\/aviso-legal\/\" \/>\n<meta property=\"og:locale\" content=\"en_US\" \/>\n<meta property=\"og:type\" content=\"article\" \/>\n<meta property=\"og:title\" content=\"Aviso Legal - Caravanas Tauro\" \/>\n<meta property=\"og:description\" content=\"Av\u00eds Legal En compliment de l&#8217;article 10 de la Llei 34\/2002, d&#8217;11 de juliol, de Serveis de la Societat de [&hellip;]\" \/>\n<meta property=\"og:url\" content=\"https:\/\/caravanastauro.com\/aviso-legal\/\" \/>\n<meta property=\"og:site_name\" content=\"Caravanas Tauro\" \/>\n<meta property=\"article:modified_time\" content=\"2025-05-22T12:58:51+00:00\" \/>\n<meta name=\"twitter:card\" content=\"summary_large_image\" \/>\n<meta name=\"twitter:label1\" content=\"Est. reading time\" \/>\n\t<meta name=\"twitter:data1\" content=\"7 minutes\" \/>\n<script type=\"application\/ld+json\" class=\"yoast-schema-graph\">{\"@context\":\"https:\/\/schema.org\",\"@graph\":[{\"@type\":\"WebPage\",\"@id\":\"https:\/\/caravanastauro.com\/aviso-legal\/\",\"url\":\"https:\/\/caravanastauro.com\/aviso-legal\/\",\"name\":\"Aviso Legal - Caravanas Tauro\",\"isPartOf\":{\"@id\":\"https:\/\/caravanastauro.com\/#website\"},\"datePublished\":\"2024-06-26T16:00:32+00:00\",\"dateModified\":\"2025-05-22T12:58:51+00:00\",\"breadcrumb\":{\"@id\":\"https:\/\/caravanastauro.com\/aviso-legal\/#breadcrumb\"},\"inLanguage\":\"vl-VL\",\"potentialAction\":[{\"@type\":\"ReadAction\",\"target\":[\"https:\/\/caravanastauro.com\/aviso-legal\/\"]}]},{\"@type\":\"BreadcrumbList\",\"@id\":\"https:\/\/caravanastauro.com\/aviso-legal\/#breadcrumb\",\"itemListElement\":[{\"@type\":\"ListItem\",\"position\":1,\"name\":\"Portada\",\"item\":\"https:\/\/caravanastauro.com\/vl\/inici\/\"},{\"@type\":\"ListItem\",\"position\":2,\"name\":\"Aviso Legal\"}]},{\"@type\":\"WebSite\",\"@id\":\"https:\/\/caravanastauro.com\/#website\",\"url\":\"https:\/\/caravanastauro.com\/\",\"name\":\"Caravanas Tauro\",\"description\":\"\",\"publisher\":{\"@id\":\"https:\/\/caravanastauro.com\/#organization\"},\"potentialAction\":[{\"@type\":\"SearchAction\",\"target\":{\"@type\":\"EntryPoint\",\"urlTemplate\":\"https:\/\/caravanastauro.com\/?s={search_term_string}\"},\"query-input\":{\"@type\":\"PropertyValueSpecification\",\"valueRequired\":true,\"valueName\":\"search_term_string\"}}],\"inLanguage\":\"vl-VL\"},{\"@type\":\"Organization\",\"@id\":\"https:\/\/caravanastauro.com\/#organization\",\"name\":\"Caravanas Tauro\",\"url\":\"https:\/\/caravanastauro.com\/\",\"logo\":{\"@type\":\"ImageObject\",\"inLanguage\":\"vl-VL\",\"@id\":\"https:\/\/caravanastauro.com\/#\/schema\/logo\/image\/\",\"url\":\"https:\/\/caravanastauro.com\/wp-content\/uploads\/2025\/02\/Logo-Caravanas-web.png\",\"contentUrl\":\"https:\/\/caravanastauro.com\/wp-content\/uploads\/2025\/02\/Logo-Caravanas-web.png\",\"width\":300,\"height\":89,\"caption\":\"Caravanas Tauro\"},\"image\":{\"@id\":\"https:\/\/caravanastauro.com\/#\/schema\/logo\/image\/\"}}]}<\/script>\n<!-- \/ Yoast SEO plugin. -->","yoast_head_json":{"title":"Aviso Legal - Caravanas Tauro","robots":{"index":"index","follow":"follow","max-snippet":"max-snippet:-1","max-image-preview":"max-image-preview:large","max-video-preview":"max-video-preview:-1"},"canonical":"https:\/\/caravanastauro.com\/aviso-legal\/","og_locale":"en_US","og_type":"article","og_title":"Aviso Legal - Caravanas Tauro","og_description":"Av\u00eds Legal En compliment de l&#8217;article 10 de la Llei 34\/2002, d&#8217;11 de juliol, de Serveis de la Societat de [&hellip;]","og_url":"https:\/\/caravanastauro.com\/aviso-legal\/","og_site_name":"Caravanas Tauro","article_modified_time":"2025-05-22T12:58:51+00:00","twitter_card":"summary_large_image","twitter_misc":{"Est. reading time":"7 minutes"},"schema":{"@context":"https:\/\/schema.org","@graph":[{"@type":"WebPage","@id":"https:\/\/caravanastauro.com\/aviso-legal\/","url":"https:\/\/caravanastauro.com\/aviso-legal\/","name":"Aviso Legal - Caravanas Tauro","isPartOf":{"@id":"https:\/\/caravanastauro.com\/#website"},"datePublished":"2024-06-26T16:00:32+00:00","dateModified":"2025-05-22T12:58:51+00:00","breadcrumb":{"@id":"https:\/\/caravanastauro.com\/aviso-legal\/#breadcrumb"},"inLanguage":"vl-VL","potentialAction":[{"@type":"ReadAction","target":["https:\/\/caravanastauro.com\/aviso-legal\/"]}]},{"@type":"BreadcrumbList","@id":"https:\/\/caravanastauro.com\/aviso-legal\/#breadcrumb","itemListElement":[{"@type":"ListItem","position":1,"name":"Portada","item":"https:\/\/caravanastauro.com\/vl\/inici\/"},{"@type":"ListItem","position":2,"name":"Aviso Legal"}]},{"@type":"WebSite","@id":"https:\/\/caravanastauro.com\/#website","url":"https:\/\/caravanastauro.com\/","name":"Caravanas Tauro","description":"","publisher":{"@id":"https:\/\/caravanastauro.com\/#organization"},"potentialAction":[{"@type":"SearchAction","target":{"@type":"EntryPoint","urlTemplate":"https:\/\/caravanastauro.com\/?s={search_term_string}"},"query-input":{"@type":"PropertyValueSpecification","valueRequired":true,"valueName":"search_term_string"}}],"inLanguage":"vl-VL"},{"@type":"Organization","@id":"https:\/\/caravanastauro.com\/#organization","name":"Caravanas Tauro","url":"https:\/\/caravanastauro.com\/","logo":{"@type":"ImageObject","inLanguage":"vl-VL","@id":"https:\/\/caravanastauro.com\/#\/schema\/logo\/image\/","url":"https:\/\/caravanastauro.com\/wp-content\/uploads\/2025\/02\/Logo-Caravanas-web.png","contentUrl":"https:\/\/caravanastauro.com\/wp-content\/uploads\/2025\/02\/Logo-Caravanas-web.png","width":300,"height":89,"caption":"Caravanas Tauro"},"image":{"@id":"https:\/\/caravanastauro.com\/#\/schema\/logo\/image\/"}}]}},"_links":{"self":[{"href":"https:\/\/caravanastauro.com\/vl\/wp-json\/wp\/v2\/pages\/3391","targetHints":{"allow":["GET"]}}],"collection":[{"href":"https:\/\/caravanastauro.com\/vl\/wp-json\/wp\/v2\/pages"}],"about":[{"href":"https:\/\/caravanastauro.com\/vl\/wp-json\/wp\/v2\/types\/page"}],"author":[{"embeddable":true,"href":"https:\/\/caravanastauro.com\/vl\/wp-json\/wp\/v2\/users\/1"}],"replies":[{"embeddable":true,"href":"https:\/\/caravanastauro.com\/vl\/wp-json\/wp\/v2\/comments?post=3391"}],"version-history":[{"count":3,"href":"https:\/\/caravanastauro.com\/vl\/wp-json\/wp\/v2\/pages\/3391\/revisions"}],"predecessor-version":[{"id":3414,"href":"https:\/\/caravanastauro.com\/vl\/wp-json\/wp\/v2\/pages\/3391\/revisions\/3414"}],"wp:attachment":[{"href":"https:\/\/caravanastauro.com\/vl\/wp-json\/wp\/v2\/media?parent=3391"}],"curies":[{"name":"wp","href":"https:\/\/api.w.org\/{rel}","templated":true}]}}